{"id":4422,"date":"2018-03-21T21:02:07","date_gmt":"2018-03-21T20:02:07","guid":{"rendered":"http:\/\/cristallerie-schwalb.fr\/?page_id=4422"},"modified":"2023-08-23T10:58:43","modified_gmt":"2023-08-23T09:58:43","slug":"mentions-legales","status":"publish","type":"page","link":"https:\/\/cristallerie-schwalb.fr\/?page_id=4422","title":{"rendered":"Mentions l\u00e9gales"},"content":{"rendered":"<h1 style=\"color: #637f99;\">Mentions l\u00e9gales :<\/h1>\n<p style=\"font-size: 100%; line-height: 130%;\"><b style=\"color: #637f99;\">Le pr\u00e9sent site est \u00e9dit\u00e9 par :<\/b><br \/>\nLa S.A.S. SCHWALB<\/p>\n<p style=\"font-size: 100%; line-height: 130%;\"><b style=\"color: #637f99;\">Si\u00e8ge social :<\/b>\u00a029, rue Saint-Jean &#8211; 57200 SARREGUEMINES<br \/>\n<b style=\"color: #637f99;\">N\u00b0 de t\u00e9l\u00e9phone :<\/b>\u00a003 87 95 09 74<br \/>\n<b style=\"color: #637f99;\">N\u00b0 de Fax :<\/b>\u00a003 87 98 37 51<br \/>\n<b style=\"color: #637f99;\">E-Mail :<\/b>\u00a0contact@cristallerie-schwalb.fr<\/p>\n<p style=\"font-size: 100%; line-height: 130%;\"><b style=\"color: #637f99;\">R.C. :<\/b>\u00a0Sarreguemines 82 B 637<br \/>\n<b style=\"color: #637f99;\">Identifiant siret :<\/b>\u00a0922 159 298 000 12<br \/>\n<b style=\"color: #637f99;\">Code APE :<\/b>\u00a0261J &#8211; S.A.S. au capital de 5000 \u20ac<br \/>\n<b style=\"color: #637f99;\">C.C.P. :<\/b>\u00a0Strasbourg 1743-73W<br \/>\n<b style=\"color: #637f99;\">Banques :<\/b>\u00a0CIC Sarreguemines\u00a0<b style=\"color: #637f99;\">Compte N\u00b0 :<\/b>\u00a022075902<br \/>\n<b style=\"color: #637f99;\">N\u00b0 T.V.A. INTRACOM FR :<\/b>\u00a076922159298<\/p>\n<p style=\"font-size: 100%; line-height: 130%;\"><b style=\"color: #637f99;\">H\u00e9bergeur :<\/b><br \/>\nOVH : SAS au capital de 10 000 000 \u20ac<br \/>\nSi\u00e8ge social : 2 rue Kellermann 59100 Roubaix \u2013 France<\/p>\n<p style=\"font-size: 100%; line-height: 130%;\"><b style=\"color: #637f99;\">Droit d&#8217;auteur<\/b><br \/>\nTous les \u00e9l\u00e9ments du site www.cristallerie-schwalb.fr, qu\u2019ils soient visuels ou sonores, les textes, mises en pages, illustrations, photographies, documents et autres \u00e9l\u00e9ments, y compris la technologie sous jacente, sont prot\u00e9g\u00e9s par le droit d\u2019auteur, des marques et des brevets. Ils sont la propri\u00e9t\u00e9 exclusive de www.cristallerie-schwalb.fr. Toute copie, adaptation, traduction, repr\u00e9sentation ou modification de tout ou partie du site est strictement interdite, sans l\u2019accord pr\u00e9alable \u00e9crit de www.cristallerie-schwalb.fr.<br \/>\nToute reproduction, m\u00eame partielle, des \u00e9l\u00e9ments du site www.cadrelumineux.fr sans l\u2019accord \u00e9crit de notre part est interdite, conform\u00e9ment \u00e0 la loi n\u00b0 57-298 du 11 mars 1957 sur la propri\u00e9t\u00e9 litt\u00e9raire et artistique et Modifi\u00e9 par la LOI n\u00b02009-669 du 12 juin 2009 \u2013 art. 21 du Code de la propri\u00e9t\u00e9 intellectuelle. Sauf dans les cas pr\u00e9vus par l\u2019article L122-5 dudit code et constituerait une contrefa\u00e7on sanctionn\u00e9e par le Code p\u00e9nal.<\/p>\n<hr \/>\n    \n        \n \t\t<script type=\"text\/javascript\">\n\tjQuery(document).ready(function($) {\n\t\t$(window).load(function() {\n\t\n\t\t$('#slider_1688752').iosSlider({\n\t\t\tsnapToChildren: true,\n\t\t\tdesktopClickDrag: true,\n\t\t\t horizontalSlideLockThreshold:2,\n        \tslideStartVelocityThreshold:2,\n        \tverticalSlideLockThreshold: 2,\n\t\t\tnavPrevSelector: '.prev_1688752',\n\t\t\tnavNextSelector: '.next_1688752',\n\t\t\tonSliderLoaded: slideLoad,\n\t\t\tonSliderResize: slideLoad,\n\t\t\tonSlideChange: slideChange,\n\t\t});\n\n\t\tfunction slideLoad(args) {\n\t\t\tsetTimeout(function() {\n\t\t\t var t=0;\n\t\t\t var t_elem;\n\t\t\t $(args.sliderContainerObject).find('li').each(function () {\n\t\t\t $this = $(this);\n\t\t\t    if ( $this.outerHeight() > t ) {\n\t\t\t        t_elem=this;\n\t\t\t        t=$this.outerHeight();\n\t\t\t\t}\n\t\t\t\t});\n\t\t\t\t$(args.sliderContainerObject).css('min-height',t);\n\t\t\t\t$(args.sliderContainerObject).css('height','auto');\n\t\t\t  }, 10);\n    \t }\n\n\n    \t function slideChange(args,slider_count) {\n    \t \t var slider_count = $('#slider_1688752').find('li').length;\n    \t \t var slider_count = slider_count - 4;\n    \t \t if(args.currentSlideNumber > slider_count){\n\t\t\t \t $('.next_1688752').addClass('disabled');\n\t\t\t } else {\n\t\t\t \t $('.next_1688752').removeClass('disabled');\n\t\t\t }\n\t\t\t if(args.currentSlideNumber == '1'){\n\t\t\t \t $('.prev_1688752').addClass('disabled');\n\t\t\t } else {\n\t\t\t \t $('.prev_1688752').removeClass('disabled');\n\t\t\t }\n    \t }\n\n    \t \t});\n\t  \n\t});\n\t<\/script>\n\n\n\t\t\n\t\t<div class=\"row column-slider category-slider\">\n            <div id=\"slider_1688752\" class=\"iosSlider\" style=\"overflow:hidden;height:100px;min-height:100px;\">\n                <ul class=\"slider large-block-grid-4 small-block-grid-2 ux-latest-products\">\n\t\t\t\t  <li class=\"product-category\">\n\n\t<a aria-label=\"Acc\u00e9der \u00e0 la cat\u00e9gorie de produits Bouteilles\" href=\"https:\/\/cristallerie-schwalb.fr\/?product_cat=bouteilles\">\t<div class=\"inner\">\n\t<a href=\"https:\/\/cristallerie-schwalb.fr\/?product_cat=bouteilles\">\n\n\t\t<img loading=\"lazy\" decoding=\"async\" src=\"https:\/\/cristallerie-schwalb.fr\/wp-content\/uploads\/2023\/10\/Photo-no-06-1-494x600.jpg\" alt=\"Bouteilles\" width=\"494\" height=\"600\" \/>\t\t<div class=\"header-title\">\n\t\t<h3>\n\t\t\tBouteilles <span class=\"count\">5 items<\/span>\t\t<\/h3>\n\t\t<\/div>\n\n\t\t\t<\/a>\n\t<\/div><!-- .inner -->\n\n\t<\/a>\n<\/li><li class=\"product-category\">\n\n\t<a aria-label=\"Acc\u00e9der \u00e0 la cat\u00e9gorie de produits Carafes \u00e0 vin\" href=\"https:\/\/cristallerie-schwalb.fr\/?product_cat=carafes_a_vin_et_decanteurs\">\t<div class=\"inner\">\n\t<a href=\"https:\/\/cristallerie-schwalb.fr\/?product_cat=carafes_a_vin_et_decanteurs\">\n\n\t\t<img loading=\"lazy\" decoding=\"async\" src=\"https:\/\/cristallerie-schwalb.fr\/wp-content\/uploads\/2013\/08\/FRIO_191A0894-494x600.jpg\" alt=\"Carafes \u00e0 vin\" width=\"494\" height=\"600\" srcset=\"https:\/\/cristallerie-schwalb.fr\/wp-content\/uploads\/2013\/08\/FRIO_191A0894-494x600.jpg 494w, https:\/\/cristallerie-schwalb.fr\/wp-content\/uploads\/2013\/08\/FRIO_191A0894-658x800.jpg 658w, https:\/\/cristallerie-schwalb.fr\/wp-content\/uploads\/2013\/08\/FRIO_191A0894.jpg 740w\" sizes=\"(max-width: 494px) 100vw, 494px\" \/>\t\t<div class=\"header-title\">\n\t\t<h3>\n\t\t\tCarafes \u00e0 vin <span class=\"count\">10 items<\/span>\t\t<\/h3>\n\t\t<\/div>\n\n\t\t\t<\/a>\n\t<\/div><!-- .inner -->\n\n\t<\/a>\n<\/li><li class=\"product-category\">\n\n\t<a aria-label=\"Acc\u00e9der \u00e0 la cat\u00e9gorie de produits Coffret bouteille\" href=\"https:\/\/cristallerie-schwalb.fr\/?product_cat=coffret-bouteille\">\t<div class=\"inner\">\n\t<a href=\"https:\/\/cristallerie-schwalb.fr\/?product_cat=coffret-bouteille\">\n\n\t\t<img loading=\"lazy\" decoding=\"async\" src=\"https:\/\/cristallerie-schwalb.fr\/wp-content\/uploads\/2023\/10\/Photo-no-14-2-494x600.jpg\" alt=\"Coffret bouteille\" width=\"494\" height=\"600\" \/>\t\t<div class=\"header-title\">\n\t\t<h3>\n\t\t\tCoffret bouteille <span class=\"count\">1 items<\/span>\t\t<\/h3>\n\t\t<\/div>\n\n\t\t\t<\/a>\n\t<\/div><!-- .inner -->\n\n\t<\/a>\n<\/li><li class=\"product-category\">\n\n\t<a aria-label=\"Acc\u00e9der \u00e0 la cat\u00e9gorie de produits Coffret verres\" href=\"https:\/\/cristallerie-schwalb.fr\/?product_cat=verres-et-coffrets\">\t<div class=\"inner\">\n\t<a href=\"https:\/\/cristallerie-schwalb.fr\/?product_cat=verres-et-coffrets\">\n\n\t\t<img loading=\"lazy\" decoding=\"async\" src=\"https:\/\/cristallerie-schwalb.fr\/wp-content\/uploads\/2023\/10\/Photo-no-37-1-494x600.jpg\" alt=\"Coffret verres\" width=\"494\" height=\"600\" \/>\t\t<div class=\"header-title\">\n\t\t<h3>\n\t\t\tCoffret verres <span class=\"count\">10 items<\/span>\t\t<\/h3>\n\t\t<\/div>\n\n\t\t\t<\/a>\n\t<\/div><!-- .inner -->\n\n\t<\/a>\n<\/li><li class=\"product-category\">\n\n\t<a aria-label=\"Acc\u00e9der \u00e0 la cat\u00e9gorie de produits Communion\" href=\"https:\/\/cristallerie-schwalb.fr\/?product_cat=communion\">\t<div class=\"inner\">\n\t<a href=\"https:\/\/cristallerie-schwalb.fr\/?product_cat=communion\">\n\n\t\t<img loading=\"lazy\" decoding=\"async\" src=\"https:\/\/cristallerie-schwalb.fr\/wp-content\/uploads\/2017\/02\/Verre_Communion_Lara_Categorie_191A9585-494x600.jpg\" alt=\"Communion\" width=\"494\" height=\"600\" \/>\t\t<div class=\"header-title\">\n\t\t<h3>\n\t\t\tCommunion <span class=\"count\">2 items<\/span>\t\t<\/h3>\n\t\t<\/div>\n\n\t\t\t<\/a>\n\t<\/div><!-- .inner -->\n\n\t<\/a>\n<\/li><li class=\"product-category\">\n\n\t<a aria-label=\"Acc\u00e9der \u00e0 la cat\u00e9gorie de produits Ev\u00e8nementiel\" href=\"https:\/\/cristallerie-schwalb.fr\/?product_cat=evenementiel\">\t<div class=\"inner\">\n\t<a href=\"https:\/\/cristallerie-schwalb.fr\/?product_cat=evenementiel\">\n\n\t\t<img loading=\"lazy\" decoding=\"async\" src=\"https:\/\/cristallerie-schwalb.fr\/wp-content\/uploads\/2023\/03\/68202_2-494x600.jpg\" alt=\"Ev\u00e8nementiel\" width=\"494\" height=\"600\" \/>\t\t<div class=\"header-title\">\n\t\t<h3>\n\t\t\tEv\u00e8nementiel <span class=\"count\">18 items<\/span>\t\t<\/h3>\n\t\t<\/div>\n\n\t\t\t<\/a>\n\t<\/div><!-- .inner -->\n\n\t<\/a>\n<\/li><li class=\"product-category\">\n\n\t<a aria-label=\"Acc\u00e9der \u00e0 la cat\u00e9gorie de produits Lampes\" href=\"https:\/\/cristallerie-schwalb.fr\/?product_cat=lampes\">\t<div class=\"inner\">\n\t<a href=\"https:\/\/cristallerie-schwalb.fr\/?product_cat=lampes\">\n\n\t\t<img loading=\"lazy\" decoding=\"async\" src=\"https:\/\/cristallerie-schwalb.fr\/wp-content\/uploads\/2023\/08\/sapin-cristal-sur-socle-led-494x600.jpeg\" alt=\"Lampes\" width=\"494\" height=\"600\" \/>\t\t<div class=\"header-title\">\n\t\t<h3>\n\t\t\tLampes <span class=\"count\">8 items<\/span>\t\t<\/h3>\n\t\t<\/div>\n\n\t\t\t<\/a>\n\t<\/div><!-- .inner -->\n\n\t<\/a>\n<\/li><li class=\"product-category\">\n\n\t<a aria-label=\"Acc\u00e9der \u00e0 la cat\u00e9gorie de produits Mariage et Noces\" href=\"https:\/\/cristallerie-schwalb.fr\/?product_cat=mariage-et-bapteme\">\t<div class=\"inner\">\n\t<a href=\"https:\/\/cristallerie-schwalb.fr\/?product_cat=mariage-et-bapteme\">\n\n\t\t<img loading=\"lazy\" decoding=\"async\" src=\"https:\/\/cristallerie-schwalb.fr\/wp-content\/uploads\/2016\/09\/Vase_4410_260_191A6955-494x600.jpg\" alt=\"Mariage et Noces\" width=\"494\" height=\"600\" srcset=\"https:\/\/cristallerie-schwalb.fr\/wp-content\/uploads\/2016\/09\/Vase_4410_260_191A6955-494x600.jpg 494w, https:\/\/cristallerie-schwalb.fr\/wp-content\/uploads\/2016\/09\/Vase_4410_260_191A6955-658x800.jpg 658w, https:\/\/cristallerie-schwalb.fr\/wp-content\/uploads\/2016\/09\/Vase_4410_260_191A6955.jpg 740w\" sizes=\"(max-width: 494px) 100vw, 494px\" \/>\t\t<div class=\"header-title\">\n\t\t<h3>\n\t\t\tMariage et Noces <span class=\"count\">10 items<\/span>\t\t<\/h3>\n\t\t<\/div>\n\n\t\t\t<\/a>\n\t<\/div><!-- .inner -->\n\n\t<\/a>\n<\/li><li class=\"product-category\">\n\n\t<a aria-label=\"Acc\u00e9der \u00e0 la cat\u00e9gorie de produits Naissance et Bapt\u00eame\" href=\"https:\/\/cristallerie-schwalb.fr\/?product_cat=naissance-et-bapteme\">\t<div class=\"inner\">\n\t<a href=\"https:\/\/cristallerie-schwalb.fr\/?product_cat=naissance-et-bapteme\">\n\n\t\t<img loading=\"lazy\" decoding=\"async\" src=\"https:\/\/cristallerie-schwalb.fr\/wp-content\/uploads\/2016\/10\/Bloc_sucette_ourson_bleu_191A7450-494x600.jpg\" alt=\"Naissance et Bapt\u00eame\" width=\"494\" height=\"600\" srcset=\"https:\/\/cristallerie-schwalb.fr\/wp-content\/uploads\/2016\/10\/Bloc_sucette_ourson_bleu_191A7450-494x600.jpg 494w, https:\/\/cristallerie-schwalb.fr\/wp-content\/uploads\/2016\/10\/Bloc_sucette_ourson_bleu_191A7450-658x800.jpg 658w, https:\/\/cristallerie-schwalb.fr\/wp-content\/uploads\/2016\/10\/Bloc_sucette_ourson_bleu_191A7450.jpg 740w\" sizes=\"(max-width: 494px) 100vw, 494px\" \/>\t\t<div class=\"header-title\">\n\t\t<h3>\n\t\t\tNaissance et Bapt\u00eame <span class=\"count\">4 items<\/span>\t\t<\/h3>\n\t\t<\/div>\n\n\t\t\t<\/a>\n\t<\/div><!-- .inner -->\n\n\t<\/a>\n<\/li><li class=\"product-category\">\n\n\t<a aria-label=\"Acc\u00e9der \u00e0 la cat\u00e9gorie de produits No\u00ebl\" href=\"https:\/\/cristallerie-schwalb.fr\/?product_cat=noel\">\t<div class=\"inner\">\n\t<a href=\"https:\/\/cristallerie-schwalb.fr\/?product_cat=noel\">\n\n\t\t<img loading=\"lazy\" decoding=\"async\" src=\"https:\/\/cristallerie-schwalb.fr\/wp-content\/uploads\/2023\/10\/No\u00ebl-No-4-494x600.jpg\" alt=\"No\u00ebl\" width=\"494\" height=\"600\" \/>\t\t<div class=\"header-title\">\n\t\t<h3>\n\t\t\tNo\u00ebl <span class=\"count\">11 items<\/span>\t\t<\/h3>\n\t\t<\/div>\n\n\t\t\t<\/a>\n\t<\/div><!-- .inner -->\n\n\t<\/a>\n<\/li>                <\/ul>   <!-- .slider -->  \n                  <div class=\"sliderControlls\">\n\t\t\t\t        <div class=\"sliderNav small hide-for-small\">\n\t\t\t\t       \t\t <a href=\"javascript:void(0)\" class=\"nextSlide disabled prev_1688752\"><span class=\"icon-angle-left\"><\/span><\/a>\n\t\t\t\t       \t\t <a href=\"javascript:void(0)\" class=\"prevSlide next_1688752\"><span class=\"icon-angle-right\"><\/span><\/a>\n\t\t\t\t        <\/div>\n       \t\t\t   <\/div><!-- .sliderControlls -->\n       \t\t <\/div> <!-- .iOsslider -->\n    <\/div><!-- .row .column-slider -->\n\n    \n    \n\t\n","protected":false},"excerpt":{"rendered":"<p>Mentions l\u00e9gales : Le pr\u00e9sent site est \u00e9dit\u00e9 par : La S.A.S. SCHWALB Si\u00e8ge social :\u00a029, rue Saint-Jean &#8211; 57200 SARREGUEMINES N\u00b0 de t\u00e9l\u00e9phone :\u00a003 87 95 09 74 N\u00b0 de Fax :\u00a003 87 98 37 51 E-Mail :\u00a0contact@cristallerie-schwalb.fr R.C. :\u00a0Sarreguemines 82 B 637 Identifiant siret :\u00a0922 159 298 000 12 Code APE :\u00a0261J &#8211; [&hellip;]<\/p>\n","protected":false},"author":1,"featured_media":0,"parent":0,"menu_order":0,"comment_status":"closed","ping_status":"closed","template":"page-blank-container.php","meta":{"footnotes":""},"class_list":["post-4422","page","type-page","status-publish","hentry"],"_links":{"self":[{"href":"https:\/\/cristallerie-schwalb.fr\/index.php?rest_route=\/wp\/v2\/pages\/4422"}],"collection":[{"href":"https:\/\/cristallerie-schwalb.fr\/index.php?rest_route=\/wp\/v2\/pages"}],"about":[{"href":"https:\/\/cristallerie-schwalb.fr\/index.php?rest_route=\/wp\/v2\/types\/page"}],"author":[{"embeddable":true,"href":"https:\/\/cristallerie-schwalb.fr\/index.php?rest_route=\/wp\/v2\/users\/1"}],"replies":[{"embeddable":true,"href":"https:\/\/cristallerie-schwalb.fr\/index.php?rest_route=%2Fwp%2Fv2%2Fcomments&post=4422"}],"version-history":[{"count":18,"href":"https:\/\/cristallerie-schwalb.fr\/index.php?rest_route=\/wp\/v2\/pages\/4422\/revisions"}],"predecessor-version":[{"id":8363,"href":"https:\/\/cristallerie-schwalb.fr\/index.php?rest_route=\/wp\/v2\/pages\/4422\/revisions\/8363"}],"wp:attachment":[{"href":"https:\/\/cristallerie-schwalb.fr\/index.php?rest_route=%2Fwp%2Fv2%2Fmedia&parent=4422"}],"curies":[{"name":"wp","href":"https:\/\/api.w.org\/{rel}","templated":true}]}}