{"id":8670,"date":"2023-10-21T10:35:01","date_gmt":"2023-10-21T09:35:01","guid":{"rendered":"https:\/\/cristallerie-schwalb.fr\/?product=verre-decanteur-excellence"},"modified":"2023-10-21T10:37:55","modified_gmt":"2023-10-21T09:37:55","slug":"verre-decanteur-excellence","status":"publish","type":"product","link":"https:\/\/cristallerie-schwalb.fr\/?product=verre-decanteur-excellence","title":{"rendered":"Verre d\u00e9canteur &#8220;Excellence&#8221;"},"content":{"rendered":"","protected":false},"excerpt":{"rendered":"<p>Le verre \u00e0 d\u00e9canter avec son bec verseur est id\u00e9al pour accueillir tous types de vin et ainsi d\u00e9velopper ses ar\u00f4mes. Ce d\u00e9canteur gr\u00e2ce \u00e0 son \u00e9l\u00e9gance rel\u00e8vera votre table.<\/p>\n<p>\u2022 Taill\u00e9e main<\/p>\n","protected":false},"featured_media":8643,"comment_status":"closed","ping_status":"closed","template":"","meta":[],"product_cat":[67],"product_tag":[115,88,83,93,84,297,86,87,128,91,85],"class_list":{"0":"post-8670","1":"product","2":"type-product","3":"status-publish","4":"has-post-thumbnail","6":"product_cat-verres_decanteur","7":"product_tag-bec-verseur","8":"product_tag-blanc","9":"product_tag-carafe","10":"product_tag-debout","11":"product_tag-decanteur","12":"product_tag-excellence","13":"product_tag-rose","14":"product_tag-rouge","15":"product_tag-taillee-main","16":"product_tag-verre","17":"product_tag-vin","18":"tm-has-options","20":"first","21":"instock","22":"featured","23":"shipping-taxable","24":"purchasable","25":"product-type-simple"},"_links":{"self":[{"href":"https:\/\/cristallerie-schwalb.fr\/index.php?rest_route=\/wp\/v2\/product\/8670"}],"collection":[{"href":"https:\/\/cristallerie-schwalb.fr\/index.php?rest_route=\/wp\/v2\/product"}],"about":[{"href":"https:\/\/cristallerie-schwalb.fr\/index.php?rest_route=\/wp\/v2\/types\/product"}],"replies":[{"embeddable":true,"href":"https:\/\/cristallerie-schwalb.fr\/index.php?rest_route=%2Fwp%2Fv2%2Fcomments&post=8670"}],"wp:featuredmedia":[{"embeddable":true,"href":"https:\/\/cristallerie-schwalb.fr\/index.php?rest_route=\/wp\/v2\/media\/8643"}],"wp:attachment":[{"href":"https:\/\/cristallerie-schwalb.fr\/index.php?rest_route=%2Fwp%2Fv2%2Fmedia&parent=8670"}],"wp:term":[{"taxonomy":"product_cat","embeddable":true,"href":"https:\/\/cristallerie-schwalb.fr\/index.php?rest_route=%2Fwp%2Fv2%2Fproduct_cat&post=8670"},{"taxonomy":"product_tag","embeddable":true,"href":"https:\/\/cristallerie-schwalb.fr\/index.php?rest_route=%2Fwp%2Fv2%2Fproduct_tag&post=8670"}],"curies":[{"name":"wp","href":"https:\/\/api.w.org\/{rel}","templated":true}]}}