{"id":8682,"date":"2023-10-21T10:42:38","date_gmt":"2023-10-21T09:42:38","guid":{"rendered":"https:\/\/cristallerie-schwalb.fr\/?product=verre-decanteur-cepage"},"modified":"2023-10-21T10:44:46","modified_gmt":"2023-10-21T09:44:46","slug":"verre-decanteur-cepage","status":"publish","type":"product","link":"https:\/\/cristallerie-schwalb.fr\/?product=verre-decanteur-cepage","title":{"rendered":"Verre d\u00e9canteur &#8220;C\u00e9page&#8221;"},"content":{"rendered":"","protected":false},"excerpt":{"rendered":"<p>Le verre \u00e0 d\u00e9canter avec son bec verseur est id\u00e9al pour accueillir tous types de vin et ainsi d\u00e9velopper ses ar\u00f4mes. Ce d\u00e9canteur gr\u00e2ce \u00e0 son \u00e9l\u00e9gance rel\u00e8vera votre table.<\/p>\n<p>\u2022 Taill\u00e9e main<\/p>\n<p><em>Nos diff\u00e9rents d\u00e9cors pour ce produit :<\/em><br \/>\n<img loading=\"lazy\" decoding=\"async\" class=\"alignnone size-full wp-image-3134\" src=\"https:\/\/cristallerie-schwalb.fr\/wp-content\/uploads\/2018\/09\/Frise_Decors_UHD.jpg\" alt=\"frise_decors\" width=\"300\" height=\"91\" \/><\/p>\n","protected":false},"featured_media":8640,"comment_status":"closed","ping_status":"closed","template":"","meta":[],"product_cat":[67],"product_tag":[115,88,83,93,84,86,87,128,91,85],"class_list":{"0":"post-8682","1":"product","2":"type-product","3":"status-publish","4":"has-post-thumbnail","6":"product_cat-verres_decanteur","7":"product_tag-bec-verseur","8":"product_tag-blanc","9":"product_tag-carafe","10":"product_tag-debout","11":"product_tag-decanteur","12":"product_tag-rose","13":"product_tag-rouge","14":"product_tag-taillee-main","15":"product_tag-verre","16":"product_tag-vin","17":"tm-has-options","19":"first","20":"instock","21":"featured","22":"shipping-taxable","23":"purchasable","24":"product-type-variable","25":"has-default-attributes"},"_links":{"self":[{"href":"https:\/\/cristallerie-schwalb.fr\/index.php?rest_route=\/wp\/v2\/product\/8682"}],"collection":[{"href":"https:\/\/cristallerie-schwalb.fr\/index.php?rest_route=\/wp\/v2\/product"}],"about":[{"href":"https:\/\/cristallerie-schwalb.fr\/index.php?rest_route=\/wp\/v2\/types\/product"}],"replies":[{"embeddable":true,"href":"https:\/\/cristallerie-schwalb.fr\/index.php?rest_route=%2Fwp%2Fv2%2Fcomments&post=8682"}],"wp:featuredmedia":[{"embeddable":true,"href":"https:\/\/cristallerie-schwalb.fr\/index.php?rest_route=\/wp\/v2\/media\/8640"}],"wp:attachment":[{"href":"https:\/\/cristallerie-schwalb.fr\/index.php?rest_route=%2Fwp%2Fv2%2Fmedia&parent=8682"}],"wp:term":[{"taxonomy":"product_cat","embeddable":true,"href":"https:\/\/cristallerie-schwalb.fr\/index.php?rest_route=%2Fwp%2Fv2%2Fproduct_cat&post=8682"},{"taxonomy":"product_tag","embeddable":true,"href":"https:\/\/cristallerie-schwalb.fr\/index.php?rest_route=%2Fwp%2Fv2%2Fproduct_tag&post=8682"}],"curies":[{"name":"wp","href":"https:\/\/api.w.org\/{rel}","templated":true}]}}