{"id":8721,"date":"2023-10-21T12:06:17","date_gmt":"2023-10-21T11:06:17","guid":{"rendered":"https:\/\/cristallerie-schwalb.fr\/?product=duo-mariage-oenologie"},"modified":"2026-04-02T08:59:39","modified_gmt":"2026-04-02T07:59:39","slug":"duo-mariage-oenologie","status":"publish","type":"product","link":"https:\/\/cristallerie-schwalb.fr\/?product=duo-mariage-oenologie","title":{"rendered":"Duo Mariage &#8211; Oenologie"},"content":{"rendered":"","protected":false},"excerpt":{"rendered":"<p>Support en m\u00e9tal laqu\u00e9 avec 2 fl\u00fbtes ins\u00e9r\u00e9es dans le support.<br \/>\nPhoto des diff\u00e9rents colories du support disponible dans la galerie.<\/p>\n<p>\u2022 Taill\u00e9 main<br \/>\n\u2022 Sabl\u00e9 main<br \/>\n\u2022 Cristallin<\/p>\n","protected":false},"featured_media":8701,"comment_status":"closed","ping_status":"closed","template":"","meta":[],"product_cat":[300],"product_tag":[156,163,155,101,166,162,164,160,161,165,167,90],"class_list":{"0":"post-8721","1":"product","2":"type-product","3":"status-publish","4":"has-post-thumbnail","6":"product_cat-duo","7":"product_tag-anneaux","8":"product_tag-cadeau","9":"product_tag-colombes","10":"product_tag-cristallin","11":"product_tag-duo","12":"product_tag-fiancailles","13":"product_tag-flutes","14":"product_tag-mariage","15":"product_tag-noces","16":"product_tag-pied-duo","17":"product_tag-strass","18":"product_tag-taille-main","19":"tm-has-options","21":"first","22":"outofstock","23":"featured","24":"shipping-taxable","25":"purchasable","26":"product-type-variable","27":"has-default-attributes"},"_links":{"self":[{"href":"https:\/\/cristallerie-schwalb.fr\/index.php?rest_route=\/wp\/v2\/product\/8721"}],"collection":[{"href":"https:\/\/cristallerie-schwalb.fr\/index.php?rest_route=\/wp\/v2\/product"}],"about":[{"href":"https:\/\/cristallerie-schwalb.fr\/index.php?rest_route=\/wp\/v2\/types\/product"}],"replies":[{"embeddable":true,"href":"https:\/\/cristallerie-schwalb.fr\/index.php?rest_route=%2Fwp%2Fv2%2Fcomments&post=8721"}],"wp:featuredmedia":[{"embeddable":true,"href":"https:\/\/cristallerie-schwalb.fr\/index.php?rest_route=\/wp\/v2\/media\/8701"}],"wp:attachment":[{"href":"https:\/\/cristallerie-schwalb.fr\/index.php?rest_route=%2Fwp%2Fv2%2Fmedia&parent=8721"}],"wp:term":[{"taxonomy":"product_cat","embeddable":true,"href":"https:\/\/cristallerie-schwalb.fr\/index.php?rest_route=%2Fwp%2Fv2%2Fproduct_cat&post=8721"},{"taxonomy":"product_tag","embeddable":true,"href":"https:\/\/cristallerie-schwalb.fr\/index.php?rest_route=%2Fwp%2Fv2%2Fproduct_tag&post=8721"}],"curies":[{"name":"wp","href":"https:\/\/api.w.org\/{rel}","templated":true}]}}